{"id":19,"date":"2026-01-17T21:03:49","date_gmt":"2026-01-17T20:03:49","guid":{"rendered":"https:\/\/aluzyjna25.pl\/?page_id=19"},"modified":"2026-01-17T21:03:49","modified_gmt":"2026-01-17T20:03:49","slug":"zarzad-wspolnoty","status":"publish","type":"page","link":"https:\/\/aluzyjna25.pl\/?page_id=19","title":{"rendered":"Zarz\u0105d wsp\u00f3lnoty"},"content":{"rendered":"","protected":false},"excerpt":{"rendered":"","protected":false},"author":1,"featured_media":0,"parent":0,"menu_order":0,"comment_status":"closed","ping_status":"closed","template":"","meta":{"footnotes":""},"class_list":["post-19","page","type-page","status-publish"],"yoast_head":"<!-- This site is optimized with the Yoast SEO plugin v26.7 - https:\/\/yoast.com\/wordpress\/plugins\/seo\/ -->\n<title>Zarz\u0105d wsp\u00f3lnoty - Aluzyjna 25C\/D\/E\/F<\/title>\n<meta name=\"robots\" content=\"index, follow, max-snippet:-1, max-image-preview:large, max-video-preview:-1\" \/>\n<link rel=\"canonical\" href=\"https:\/\/aluzyjna25.pl\/?page_id=19\" \/>\n<meta property=\"og:locale\" content=\"en_US\" \/>\n<meta property=\"og:type\" content=\"article\" \/>\n<meta property=\"og:title\" content=\"Zarz\u0105d wsp\u00f3lnoty - Aluzyjna 25C\/D\/E\/F\" \/>\n<meta property=\"og:url\" content=\"https:\/\/aluzyjna25.pl\/?page_id=19\" \/>\n<meta property=\"og:site_name\" content=\"Aluzyjna 25C\/D\/E\/F\" \/>\n<meta name=\"twitter:card\" content=\"summary_large_image\" \/>\n<script type=\"application\/ld+json\" class=\"yoast-schema-graph\">{\"@context\":\"https:\/\/schema.org\",\"@graph\":[{\"@type\":\"WebPage\",\"@id\":\"https:\/\/aluzyjna25.pl\/?page_id=19\",\"url\":\"https:\/\/aluzyjna25.pl\/?page_id=19\",\"name\":\"Zarz\u0105d wsp\u00f3lnoty - Aluzyjna 25C\/D\/E\/F\",\"isPartOf\":{\"@id\":\"https:\/\/aluzyjna25.pl\/#website\"},\"datePublished\":\"2026-01-17T20:03:49+00:00\",\"breadcrumb\":{\"@id\":\"https:\/\/aluzyjna25.pl\/?page_id=19#breadcrumb\"},\"inLanguage\":\"en-US\",\"potentialAction\":[{\"@type\":\"ReadAction\",\"target\":[\"https:\/\/aluzyjna25.pl\/?page_id=19\"]}]},{\"@type\":\"BreadcrumbList\",\"@id\":\"https:\/\/aluzyjna25.pl\/?page_id=19#breadcrumb\",\"itemListElement\":[{\"@type\":\"ListItem\",\"position\":1,\"name\":\"Home\",\"item\":\"https:\/\/aluzyjna25.pl\/\"},{\"@type\":\"ListItem\",\"position\":2,\"name\":\"Zarz\u0105d wsp\u00f3lnoty\"}]},{\"@type\":\"WebSite\",\"@id\":\"https:\/\/aluzyjna25.pl\/#website\",\"url\":\"https:\/\/aluzyjna25.pl\/\",\"name\":\"Aluzyjna 25C\/D\/E\/F\",\"description\":\"Osiedle D\u0105br\u00f3wka Wi\u015blana\",\"publisher\":{\"@id\":\"https:\/\/aluzyjna25.pl\/#organization\"},\"potentialAction\":[{\"@type\":\"SearchAction\",\"target\":{\"@type\":\"EntryPoint\",\"urlTemplate\":\"https:\/\/aluzyjna25.pl\/?s={search_term_string}\"},\"query-input\":{\"@type\":\"PropertyValueSpecification\",\"valueRequired\":true,\"valueName\":\"search_term_string\"}}],\"inLanguage\":\"en-US\"},{\"@type\":\"Organization\",\"@id\":\"https:\/\/aluzyjna25.pl\/#organization\",\"name\":\"Aluzyjna 25C\/D\/E\/F\",\"url\":\"https:\/\/aluzyjna25.pl\/\",\"logo\":{\"@type\":\"ImageObject\",\"inLanguage\":\"en-US\",\"@id\":\"https:\/\/aluzyjna25.pl\/#\/schema\/logo\/image\/\",\"url\":\"https:\/\/aluzyjna25.pl\/wp-content\/uploads\/2026\/01\/cropped-5c3f97ed-af21-464e-8e36-e5c1ac01ba95-1.png\",\"contentUrl\":\"https:\/\/aluzyjna25.pl\/wp-content\/uploads\/2026\/01\/cropped-5c3f97ed-af21-464e-8e36-e5c1ac01ba95-1.png\",\"width\":786,\"height\":576,\"caption\":\"Aluzyjna 25C\/D\/E\/F\"},\"image\":{\"@id\":\"https:\/\/aluzyjna25.pl\/#\/schema\/logo\/image\/\"}}]}<\/script>\n<!-- \/ Yoast SEO plugin. -->","yoast_head_json":{"title":"Zarz\u0105d wsp\u00f3lnoty - Aluzyjna 25C\/D\/E\/F","robots":{"index":"index","follow":"follow","max-snippet":"max-snippet:-1","max-image-preview":"max-image-preview:large","max-video-preview":"max-video-preview:-1"},"canonical":"https:\/\/aluzyjna25.pl\/?page_id=19","og_locale":"en_US","og_type":"article","og_title":"Zarz\u0105d wsp\u00f3lnoty - Aluzyjna 25C\/D\/E\/F","og_url":"https:\/\/aluzyjna25.pl\/?page_id=19","og_site_name":"Aluzyjna 25C\/D\/E\/F","twitter_card":"summary_large_image","schema":{"@context":"https:\/\/schema.org","@graph":[{"@type":"WebPage","@id":"https:\/\/aluzyjna25.pl\/?page_id=19","url":"https:\/\/aluzyjna25.pl\/?page_id=19","name":"Zarz\u0105d wsp\u00f3lnoty - Aluzyjna 25C\/D\/E\/F","isPartOf":{"@id":"https:\/\/aluzyjna25.pl\/#website"},"datePublished":"2026-01-17T20:03:49+00:00","breadcrumb":{"@id":"https:\/\/aluzyjna25.pl\/?page_id=19#breadcrumb"},"inLanguage":"en-US","potentialAction":[{"@type":"ReadAction","target":["https:\/\/aluzyjna25.pl\/?page_id=19"]}]},{"@type":"BreadcrumbList","@id":"https:\/\/aluzyjna25.pl\/?page_id=19#breadcrumb","itemListElement":[{"@type":"ListItem","position":1,"name":"Home","item":"https:\/\/aluzyjna25.pl\/"},{"@type":"ListItem","position":2,"name":"Zarz\u0105d wsp\u00f3lnoty"}]},{"@type":"WebSite","@id":"https:\/\/aluzyjna25.pl\/#website","url":"https:\/\/aluzyjna25.pl\/","name":"Aluzyjna 25C\/D\/E\/F","description":"Osiedle D\u0105br\u00f3wka Wi\u015blana","publisher":{"@id":"https:\/\/aluzyjna25.pl\/#organization"},"potentialAction":[{"@type":"SearchAction","target":{"@type":"EntryPoint","urlTemplate":"https:\/\/aluzyjna25.pl\/?s={search_term_string}"},"query-input":{"@type":"PropertyValueSpecification","valueRequired":true,"valueName":"search_term_string"}}],"inLanguage":"en-US"},{"@type":"Organization","@id":"https:\/\/aluzyjna25.pl\/#organization","name":"Aluzyjna 25C\/D\/E\/F","url":"https:\/\/aluzyjna25.pl\/","logo":{"@type":"ImageObject","inLanguage":"en-US","@id":"https:\/\/aluzyjna25.pl\/#\/schema\/logo\/image\/","url":"https:\/\/aluzyjna25.pl\/wp-content\/uploads\/2026\/01\/cropped-5c3f97ed-af21-464e-8e36-e5c1ac01ba95-1.png","contentUrl":"https:\/\/aluzyjna25.pl\/wp-content\/uploads\/2026\/01\/cropped-5c3f97ed-af21-464e-8e36-e5c1ac01ba95-1.png","width":786,"height":576,"caption":"Aluzyjna 25C\/D\/E\/F"},"image":{"@id":"https:\/\/aluzyjna25.pl\/#\/schema\/logo\/image\/"}}]}},"_links":{"self":[{"href":"https:\/\/aluzyjna25.pl\/index.php?rest_route=\/wp\/v2\/pages\/19","targetHints":{"allow":["GET"]}}],"collection":[{"href":"https:\/\/aluzyjna25.pl\/index.php?rest_route=\/wp\/v2\/pages"}],"about":[{"href":"https:\/\/aluzyjna25.pl\/index.php?rest_route=\/wp\/v2\/types\/page"}],"author":[{"embeddable":true,"href":"https:\/\/aluzyjna25.pl\/index.php?rest_route=\/wp\/v2\/users\/1"}],"replies":[{"embeddable":true,"href":"https:\/\/aluzyjna25.pl\/index.php?rest_route=%2Fwp%2Fv2%2Fcomments&post=19"}],"version-history":[{"count":1,"href":"https:\/\/aluzyjna25.pl\/index.php?rest_route=\/wp\/v2\/pages\/19\/revisions"}],"predecessor-version":[{"id":26,"href":"https:\/\/aluzyjna25.pl\/index.php?rest_route=\/wp\/v2\/pages\/19\/revisions\/26"}],"wp:attachment":[{"href":"https:\/\/aluzyjna25.pl\/index.php?rest_route=%2Fwp%2Fv2%2Fmedia&parent=19"}],"curies":[{"name":"wp","href":"https:\/\/api.w.org\/{rel}","templated":true}]}}